{"id":804,"date":"2023-05-17T15:28:34","date_gmt":"2023-05-17T19:28:34","guid":{"rendered":"https:\/\/latelieranimation.com\/?page_id=804"},"modified":"2023-05-17T15:28:34","modified_gmt":"2023-05-17T19:28:34","slug":"conditions-dutilisation","status":"publish","type":"page","link":"https:\/\/latelieranimation.com\/fr\/conditions-dutilisation\/","title":{"rendered":"CONDITIONS D&#8217;UTILISATION"},"content":{"rendered":"\r\n<h1 class=\"wp-block-heading\" style=\"text-align: left;\"><\/h1>\r\n<div style=\"margin: 100px;\">\r\n<h2 style=\"text-align: left;\"><b>CONDITIONS D&#8217;UTILISATION\u00a0<\/b><\/h2>\r\n<p style=\"text-align: justify;\"><span style=\"font-weight: 400;\">Les pr\u00e9sentes conditions g\u00e9n\u00e9rales d\u00e9finissent les conditions g\u00e9n\u00e9rales de votre utilisation du site Web latelieranimation.com et de tous ses produits et services connexes. Le pr\u00e9sent contrat est juridiquement contraignant entre vous l\u2019utilisateur, et L\u2019Atelier Animation inc. En acc\u00e9dant au site Web et aux services et en les utilisant, vous reconnaissez avoir lu, compris et accept\u00e9 d&#8217;\u00eatre li\u00e9 par les conditions du pr\u00e9sent contrat. Si vous concluez le pr\u00e9sent accord au nom d&#8217;une entreprise ou d&#8217;une autre entit\u00e9 juridique, vous d\u00e9clarez avoir le pouvoir de lier cette entit\u00e9 au pr\u00e9sent accord, auquel cas les termes &#8220;utilisateur&#8221;, &#8220;vous&#8221; ou &#8220;votre&#8221; feront r\u00e9f\u00e9rence \u00e0 cette entit\u00e9. Si vous ne disposez pas d&#8217;une telle autorit\u00e9, ou si vous n&#8217;\u00eates pas d&#8217;accord avec les termes du pr\u00e9sent accord, vous ne devez pas accepter le pr\u00e9sent accord et ne pouvez pas acc\u00e9der au site Web et aux services et les utiliser. Vous reconnaissez que le pr\u00e9sent contrat constitue un contrat entre vous et L\u2019Atelier Animation inc. m\u00eame s&#8217;il est \u00e9lectronique et n&#8217;est pas sign\u00e9 physiquement par vous, et qu&#8217;il r\u00e9git votre utilisation du site Web et des services.<\/span><\/p>\r\n\r\n<h2><strong>Liens vers d&#8217;autres ressources<\/strong><\/h2>\r\n<p style=\"text-align: justify;\"><span style=\"font-weight: 400;\">Bien que le site Web et les services puissent contenir des liens vers d&#8217;autres ressources (sites Web, applications mobiles, etc.), nous n&#8217;impliquons pas, directement ou indirectement, une approbation, une association, un parrainage, une approbation ou une affiliation avec toute ressource li\u00e9e, sauf mention expresse dans les pr\u00e9sentes. Certains des liens figurant sur le site Web peuvent \u00eatre des &#8220;liens affili\u00e9s&#8221;. Nous ne sommes pas responsables de l&#8217;examen ou de l&#8217;\u00e9valuation, et nous ne garantissons pas les offres de toute entreprise ou de tout individu, ni le contenu de leurs ressources. Nous n&#8217;assumons aucune responsabilit\u00e9 pour les actions, les produits, les services et le contenu de tout autre tiers. Vous devez examiner attentivement les d\u00e9clarations juridiques et autres conditions d&#8217;utilisation de toute ressource \u00e0 laquelle vous acc\u00e9dez par un lien sur le site Web et les services. Vous acc\u00e9dez \u00e0 toute autre ressource hors site \u00e0 vos propres risques.<\/span><\/p>\r\n\r\n<h2><strong>Utilisations interdites<\/strong><\/h2>\r\n<p style=\"text-align: justify;\"><span style=\"font-weight: 400;\">Outre les autres conditions \u00e9nonc\u00e9es dans l&#8217;accord, il vous est interdit d&#8217;utiliser le site Web et les services ou le contenu : (a) \u00e0 des fins ill\u00e9gales ; (b) pour solliciter d&#8217;autres personnes \u00e0 r\u00e9aliser ou \u00e0 participer \u00e0 des actes ill\u00e9gaux ; (c) pour violer toute r\u00e9glementation, r\u00e8gle, loi ou ordonnance locale internationale, f\u00e9d\u00e9rale, provinciale ou \u00e9tatique ; (d) d&#8217;enfreindre ou de violer nos droits de propri\u00e9t\u00e9 intellectuelle ou les droits de propri\u00e9t\u00e9 intellectuelle d&#8217;autrui ; (e) de harceler, d&#8217;abuser, d&#8217;insulter, de nuire, de diffamer, de d\u00e9nigrer, d&#8217;intimider ou de pratiquer une discrimination fond\u00e9e sur le sexe, l&#8217;orientation sexuelle, la religion, l&#8217;origine ethnique, la race, l&#8217;\u00e2ge, l&#8217;origine nationale ou le handicap ; (f) soumettre des informations fausses ou trompeuses ; (g) t\u00e9l\u00e9charger ou transmettre des virus ou tout autre type de code malveillant qui sera ou pourra \u00eatre utilis\u00e9 d&#8217;une mani\u00e8re qui affectera la fonctionnalit\u00e9 ou le fonctionnement du site Web et des services, des produits et services de tiers ou d&#8217;Internet ; (h) spammer, hame\u00e7onner, pr\u00e9tendre; (i) \u00e0 des fins obsc\u00e8nes ou immorales ; ou (j) interf\u00e9rer avec ou contourner les fonctions de s\u00e9curit\u00e9 du site Web et des services, des produits et services de tiers ou d&#8217;Internet. Nous nous r\u00e9servons le droit de mettre fin \u00e0 votre utilisation du site Web et des services en cas de violation de l&#8217;une des utilisations interdites.<\/span><\/p>\r\n\r\n<h2><strong>Droits de propri\u00e9t\u00e9 intellectuelle<\/strong><\/h2>\r\n<p style=\"text-align: justify;\"><span style=\"font-weight: 400;\">Les &#8220;droits de propri\u00e9t\u00e9 intellectuelle&#8221; d\u00e9signent tous les droits actuels et futurs conf\u00e9r\u00e9s par la loi, la common law ou l&#8217;\u00e9quit\u00e9 en ce qui concerne les droits d&#8217;auteur et les droits connexes, les marques, les dessins et mod\u00e8les, les brevets, les inventions, le fonds de commerce et le droit d&#8217;intenter une action en justice pour contrefa\u00e7on, les droits sur les inventions, les droits d&#8217;utilisation et tous les autres droits de propri\u00e9t\u00e9 intellectuelle, dans chaque cas, qu&#8217;ils soient enregistr\u00e9s ou non, y compris toutes les demandes et tous les droits de demander et de se voir accorder ces droits, les droits de revendiquer la priorit\u00e9 de ces droits et tous les droits ou formes de protection similaires ou \u00e9quivalents et tous les autres r\u00e9sultats de l&#8217;activit\u00e9 intellectuelle qui subsistent ou subsisteront maintenant ou \u00e0 l&#8217;avenir dans n&#8217;importe quelle partie du monde. Le pr\u00e9sent accord ne vous transf\u00e8re aucune propri\u00e9t\u00e9 intellectuelle appartenant \u00e0 L\u2019Atelier Animation inc. ou \u00e0 des tiers, et tous les droits, titres et int\u00e9r\u00eats relatifs \u00e0 cette propri\u00e9t\u00e9 resteront (entre les parties) la propri\u00e9t\u00e9 exclusive de L\u2019Atelier Animation inc. Toutes les marques de commerce, marques de service, graphiques et logos utilis\u00e9s en relation avec le site Web et les services sont des marques de commerce ou des marques d\u00e9pos\u00e9es de L\u2019Atelier Animation inc. ou de ses conc\u00e9dants. Les autres marques de commerce, marques de service, graphiques et logos utilis\u00e9s en relation avec le site Web et les services peuvent \u00eatre des marques de commerce d&#8217;autres tiers. Votre utilisation du site Web et des services ne vous accorde aucun droit ou licence de reproduction ou d&#8217;utilisation des marques de L\u2019Atelier Animation inc. ou de tiers.<\/span><\/p>\r\n\r\n<h2><strong>Exclusion de garantie<\/strong><\/h2>\r\n<p style=\"text-align: justify;\"><span style=\"font-weight: 400;\">Vous convenez que le service est fourni &#8221; en l&#8217;\u00e9tat &#8221; et &#8221; selon la disponibilit\u00e9 &#8221; et que vous utilisez le site Web et les services \u00e0 vos propres risques. Nous d\u00e9clinons express\u00e9ment toute garantie de quelque nature que ce soit, expresse ou implicite, y compris, mais sans s&#8217;y limiter, les garanties implicites de qualit\u00e9 marchande, d&#8217;ad\u00e9quation \u00e0 un usage particulier et d&#8217;absence de contrefa\u00e7on. Nous ne garantissons pas que les services r\u00e9pondront \u00e0 vos besoins, ni que le service sera ininterrompu, opportun, s\u00fbr ou exempt d&#8217;erreurs ; nous ne garantissons pas non plus les r\u00e9sultats qui peuvent \u00eatre obtenus par l&#8217;utilisation du service, ni l&#8217;exactitude ou la fiabilit\u00e9 de toute information obtenue par le biais du service, ni que les d\u00e9fauts du service seront corrig\u00e9s. Vous comprenez et acceptez que tout mat\u00e9riel et\/ou toute donn\u00e9e t\u00e9l\u00e9charg\u00e9e ou autrement obtenue par l&#8217;utilisation du Service l&#8217;est \u00e0 votre propre discr\u00e9tion et \u00e0 vos propres risques et que vous serez seul responsable de tout dommage ou perte de donn\u00e9es r\u00e9sultant du t\u00e9l\u00e9chargement de ce mat\u00e9riel et\/ou de ces donn\u00e9es.<\/span><span style=\"font-weight: 400;\">\u00a0<\/span><\/p>\r\n\r\n<h2><strong>Limitation de la responsabilit\u00e9<\/strong><\/h2>\r\n<p style=\"text-align: justify;\"><span style=\"font-weight: 400;\">Dans toute la mesure permise par la loi applicable, en aucun cas L\u2019Atelier Animation inc, ses soci\u00e9t\u00e9s affili\u00e9es, ses administrateurs, ses dirigeants, ses employ\u00e9s, ses agents, ses fournisseurs ou ses conc\u00e9dants de licence ne seront en aucun cas tenus responsables envers quiconque de tout dommage indirect, accessoire, sp\u00e9cial, punitif ou cons\u00e9cutif (y compris, mais sans s&#8217;y limiter, les dommages pour perte de profits, de revenus, de ventes, de fonds de commerce, d&#8217;utilisation du contenu, d&#8217;impact sur les affaires, d&#8217;interruption des activit\u00e9s, perte d&#8217;\u00e9conomies anticip\u00e9es, perte d&#8217;opportunit\u00e9 commerciale), quelle qu&#8217;en soit la cause, en vertu de toute th\u00e9orie de responsabilit\u00e9, y compris, sans s&#8217;y limiter, les contrats, les d\u00e9lits, les garanties, les violations d&#8217;obligations l\u00e9gales, les n\u00e9gligences ou autres, m\u00eame si la partie responsable a \u00e9t\u00e9 inform\u00e9e de la possibilit\u00e9 de tels dommages ou aurait pu les pr\u00e9voir. Dans toute la mesure permise par la loi applicable, la responsabilit\u00e9 globale de L\u2019Atelier Animation inc. et de ses soci\u00e9t\u00e9s affili\u00e9es, dirigeants, employ\u00e9s, agents, fournisseurs et conc\u00e9dants de licence en ce qui concerne les services sera limit\u00e9e \u00e0 un montant sup\u00e9rieur \u00e0 un dollar ou aux montants effectivement pay\u00e9s en esp\u00e8ces par vous \u00e0 L\u2019Atelier Animation inc. pour la p\u00e9riode d&#8217;un mois pr\u00e9c\u00e9dant le premier \u00e9v\u00e9nement ou la premi\u00e8re occurrence donnant lieu \u00e0 une telle responsabilit\u00e9. Les limitations et exclusions s&#8217;appliquent \u00e9galement si ce recours ne vous compense pas enti\u00e8rement pour toute perte ou s&#8217;il n&#8217;atteint pas son objectif essentiel.<\/span><\/p>\r\n\r\n<h2><strong>Indemnisation<\/strong><\/h2>\r\n<p style=\"text-align: justify;\"><span style=\"font-weight: 400;\">Vous acceptez d&#8217;indemniser et de d\u00e9gager L\u2019Atelier Animation inc. et ses soci\u00e9t\u00e9s affili\u00e9es, administrateurs, dirigeants, employ\u00e9s, agents, fournisseurs et conc\u00e9dants de licence de toute responsabilit\u00e9, perte, dommage ou co\u00fbt, y compris les honoraires d&#8217;avocat raisonnables, encourus en rapport avec ou d\u00e9coulant de toute all\u00e9gation, r\u00e9clamation, action, litige ou demande d&#8217;une tierce partie revendiqu\u00e9e contre l&#8217;une d&#8217;entre elles en raison de votre contenu, de votre utilisation du site Web et des services ou de toute faute intentionnelle de votre part.<\/span><\/p>\r\n\r\n<h2><strong>Divisibilit\u00e9<\/strong><\/h2>\r\n<p style=\"text-align: justify;\"><span style=\"font-weight: 400;\">Tous les droits et restrictions contenus dans le pr\u00e9sent accord peuvent \u00eatre exerc\u00e9s et ne seront applicables et contraignants que dans la mesure o\u00f9 ils ne violent aucune loi applicable et sont destin\u00e9s \u00e0 \u00eatre limit\u00e9s dans la mesure n\u00e9cessaire pour qu&#8217;ils ne rendent pas le pr\u00e9sent accord ill\u00e9gal, invalide ou inapplicable. Si une disposition ou une partie d&#8217;une disposition du pr\u00e9sent accord est jug\u00e9e ill\u00e9gale, invalide ou inapplicable par un tribunal comp\u00e9tent, il est de l&#8217;intention des parties que les autres dispositions ou parties de celles-ci constituent leur accord en ce qui concerne l&#8217;objet des pr\u00e9sentes, et toutes les autres dispositions ou parties de celles-ci resteront pleinement en vigueur.<\/span><\/p>\r\n\r\n<h2><strong>R\u00e9solution des litiges<\/strong><\/h2>\r\n<p style=\"text-align: justify;\"><span style=\"font-weight: 400;\">La formation, l&#8217;interpr\u00e9tation et l&#8217;ex\u00e9cution du pr\u00e9sent contrat et tout litige en d\u00e9coulant sont r\u00e9gis par les lois de fond et de proc\u00e9dure du Qu\u00e9bec, Canada, sans \u00e9gard \u00e0 ses r\u00e8gles de conflits ou de choix de lois et, dans la mesure o\u00f9 elles sont applicables, par les lois du Canada. La juridiction exclusive et le lieu des actions li\u00e9es \u00e0 l&#8217;objet des pr\u00e9sentes seront les tribunaux situ\u00e9s au Qu\u00e9bec, Canada, et vous vous soumettez par la pr\u00e9sente \u00e0 la juridiction personnelle de ces tribunaux. Vous renoncez par la pr\u00e9sente \u00e0 tout droit \u00e0 un proc\u00e8s devant un jury dans toute proc\u00e9dure d\u00e9coulant du pr\u00e9sent contrat ou s&#8217;y rapportant. La Convention des Nations Unies sur les contrats de vente internationale de marchandises ne s&#8217;applique pas au pr\u00e9sent contrat.<\/span><\/p>\r\n\r\n<h2><strong>Cession<\/strong><\/h2>\r\n<p style=\"text-align: justify;\"><span style=\"font-weight: 400;\">Vous ne pouvez pas c\u00e9der, revendre, accorder une sous-licence ou transf\u00e9rer ou d\u00e9l\u00e9guer de quelque mani\u00e8re que ce soit l&#8217;un de vos droits ou l&#8217;une de vos obligations en vertu des pr\u00e9sentes, en tout ou en partie, sans notre consentement \u00e9crit pr\u00e9alable, lequel consentement sera donn\u00e9 \u00e0 notre seule discr\u00e9tion et sans obligation ; toute cession ou tout transfert de ce type sera nul et non avenu. Nous sommes libres de c\u00e9der l&#8217;un de ses droits ou obligations en vertu des pr\u00e9sentes, en totalit\u00e9 ou en partie, \u00e0 un tiers dans le cadre de la vente de la totalit\u00e9 ou de la quasi-totalit\u00e9 de ses actifs ou actions ou dans le cadre d&#8217;une fusion.<\/span><\/p>\r\n\r\n<h2><strong>Changements et modifications<\/strong><\/h2>\r\n<p style=\"text-align: justify;\"><span style=\"font-weight: 400;\">Nous nous r\u00e9servons le droit de modifier le pr\u00e9sent accord ou ses conditions relatives au site Web et aux services \u00e0 tout moment, avec effet d\u00e8s la publication d&#8217;une version actualis\u00e9e du pr\u00e9sent accord sur le site Web. Lorsque nous le ferons, nous r\u00e9viserons la date de mise \u00e0 jour au bas de cette page. La poursuite de l&#8217;utilisation du site Web et des services apr\u00e8s de telles modifications constitue votre consentement \u00e0 ces modifications.<\/span><\/p>\r\n\r\n<h2><strong>Acceptation des pr\u00e9sentes conditions<\/strong><\/h2>\r\n<p style=\"text-align: justify;\"><span style=\"font-weight: 400;\">Vous reconnaissez avoir lu le pr\u00e9sent accord et en accepter tous les termes et conditions. En acc\u00e9dant et en utilisant le site Web et les services, vous acceptez d&#8217;\u00eatre li\u00e9 par le pr\u00e9sent accord. Si vous n&#8217;acceptez pas de respecter les conditions du pr\u00e9sent accord, vous n&#8217;\u00eates pas autoris\u00e9 \u00e0 acc\u00e9der au site Web et aux services ni \u00e0 les utiliser.<\/span><\/p>\r\n\r\n<h2><strong>Contact<\/strong><\/h2>\r\n<p style=\"text-align: justify;\"><span style=\"font-weight: 400;\">Si vous souhaitez nous contacter pour toute question se rapportant \u00e0 ce pr\u00e9sent accord, vous pouvez envoyer un courriel \u00e0 <\/span><a href=\"mailto:info@latelieranimation.com\"><span style=\"font-weight: 400;\">info@latelieranimation.com<\/span><\/a><span style=\"font-weight: 400;\">.<\/span><\/p>\r\n<span style=\"font-weight: 400;\">Ce document a \u00e9t\u00e9 mis \u00e0 jour le <\/span><b>3 mai 2023<\/b><span style=\"font-weight: 400;\">.<\/span>\r\n\r\n<\/div>","protected":false},"excerpt":{"rendered":"<p>CONDITIONS D&#8217;UTILISATION\u00a0 Les pr\u00e9sentes conditions g\u00e9n\u00e9rales d\u00e9finissent les conditions g\u00e9n\u00e9rales de votre utilisation du site Web latelieranimation.com et de tous ses produits et services connexes. Le pr\u00e9sent contrat est juridiquement contraignant entre vous l\u2019utilisateur, et L\u2019Atelier Animation inc. En acc\u00e9dant au site Web et aux services et en les utilisant, vous reconnaissez avoir lu, compris [&hellip;]<\/p>\n","protected":false},"author":5,"featured_media":0,"parent":0,"menu_order":0,"comment_status":"closed","ping_status":"closed","template":"","meta":{"_acf_changed":false,"footnotes":""},"class_list":["post-804","page","type-page","status-publish","hentry"],"acf":[],"aioseo_notices":[],"_links":{"self":[{"href":"https:\/\/latelieranimation.com\/fr\/wp-json\/wp\/v2\/pages\/804","targetHints":{"allow":["GET"]}}],"collection":[{"href":"https:\/\/latelieranimation.com\/fr\/wp-json\/wp\/v2\/pages"}],"about":[{"href":"https:\/\/latelieranimation.com\/fr\/wp-json\/wp\/v2\/types\/page"}],"author":[{"embeddable":true,"href":"https:\/\/latelieranimation.com\/fr\/wp-json\/wp\/v2\/users\/5"}],"replies":[{"embeddable":true,"href":"https:\/\/latelieranimation.com\/fr\/wp-json\/wp\/v2\/comments?post=804"}],"version-history":[{"count":0,"href":"https:\/\/latelieranimation.com\/fr\/wp-json\/wp\/v2\/pages\/804\/revisions"}],"wp:attachment":[{"href":"https:\/\/latelieranimation.com\/fr\/wp-json\/wp\/v2\/media?parent=804"}],"curies":[{"name":"wp","href":"https:\/\/api.w.org\/{rel}","templated":true}]}}