{"id":765,"date":"2023-04-17T13:31:15","date_gmt":"2023-04-17T17:31:15","guid":{"rendered":"https:\/\/latelieranimation.com\/?page_id=765"},"modified":"2024-01-29T14:52:15","modified_gmt":"2024-01-29T19:52:15","slug":"privacy-policy","status":"publish","type":"page","link":"https:\/\/latelieranimation.com\/fr\/privacy-policy\/","title":{"rendered":"Privacy Policy"},"content":{"rendered":"\r\n<h2 class=\"wp-block-heading\"><\/h2>\r\n<h1 class=\"wp-block-heading\" style=\"text-align: left;\">\u00a0<\/h1>\r\n<div style=\"margin: 100px;\">\r\n<h2 style=\"text-align: left;\"><b>POLITIQUE DE CONFIDENTIALIT\u00c9<\/b><\/h2>\r\n<p style=\"text-align: justify;\"><span style=\"font-weight: 400;\">La pr\u00e9sente politique de confidentialit\u00e9 d\u00e9crit comment les informations personnellement identifiables que vous pouvez fournir sur le site Web latelieranimation.com et l&#8217;un de ses produits et services connexes sont collect\u00e9es, prot\u00e9g\u00e9es et utilis\u00e9es. Elle d\u00e9crit \u00e9galement les choix qui s&#8217;offrent \u00e0 vous concernant notre utilisation de vos informations personnelles et la mani\u00e8re dont vous pouvez acc\u00e9der \u00e0 ces informations et les mettre \u00e0 jour. La pr\u00e9sente politique constitue un accord juridiquement contraignant entre l\u2019utilisateur et L\u2019Atelier Animation inc.\u00a0<\/span><\/p>\r\n<p style=\"text-align: left;\"><span style=\"font-weight: 400;\">En acc\u00e9dant au site Web et aux services et en les utilisant, vous reconnaissez avoir lu, compris et accept\u00e9 d&#8217;\u00eatre li\u00e9 par les conditions de la pr\u00e9sente politique. La pr\u00e9sente Politique ne s&#8217;applique pas aux pratiques des soci\u00e9t\u00e9s que nous ne poss\u00e9dons pas ou ne contr\u00f4lons pas, ni aux personnes que nous n&#8217;employons pas ou ne g\u00e9rons pas.<\/span><\/p>\r\n<h2 style=\"text-align: left;\"><span style=\"font-weight: 400;\">Collecte d&#8217;informations<\/span><\/h2>\r\n<p style=\"text-align: justify;\"><span style=\"font-weight: 400;\">Notre priorit\u00e9 absolue est la s\u00e9curit\u00e9 des donn\u00e9es des clients et, \u00e0 ce titre, nous appliquons la politique du &#8220;no logs&#8221; (qui ne garde aucune donn\u00e9e qui peut \u00eatre utilis\u00e9e pour vous identifier). Nous ne pouvons traiter que des donn\u00e9es minimales sur les utilisateurs, uniquement dans la mesure o\u00f9 cela est absolument n\u00e9cessaire pour maintenir le site web et les services. Les informations recueillies automatiquement sont utilis\u00e9es uniquement pour identifier les cas potentiels d&#8217;abus et \u00e9tablir des informations statistiques concernant l&#8217;utilisation et le trafic du site Web et des services. Ces informations statistiques ne sont pas autrement agr\u00e9g\u00e9es de mani\u00e8re \u00e0 identifier un utilisateur particulier du syst\u00e8me.<\/span><\/p>\r\n<h2 style=\"text-align: left;\"><span style=\"font-weight: 400;\">Utilisation et traitement des informations collect\u00e9es<\/span><\/h2>\r\n<p style=\"text-align: justify;\"><span style=\"font-weight: 400;\">Afin de mettre le site Web et les services \u00e0 votre disposition, ou pour satisfaire \u00e0 une obligation l\u00e9gale, nous pouvons \u00eatre amen\u00e9s \u00e0 recueillir et \u00e0 utiliser certaines informations personnelles. Si vous ne fournissez pas les informations que nous demandons, il se peut que nous ne soyons pas en mesure de vous fournir les produits ou services demand\u00e9s. Toutes les informations que nous recueillons aupr\u00e8s de vous peuvent \u00eatre utilis\u00e9es aux fins suivantes :<\/span><\/p>\r\n<ol style=\"text-align: left;\">\r\n<li style=\"font-weight: 400;\" aria-level=\"1\"><span style=\"font-weight: 400;\">Am\u00e9liorer les produits et services<\/span><\/li>\r\n<li style=\"font-weight: 400;\" aria-level=\"1\"><span style=\"font-weight: 400;\">R\u00e9pondre aux demandes de renseignements et offrir une assistance<\/span><\/li>\r\n<li style=\"font-weight: 400;\" aria-level=\"1\"><span style=\"font-weight: 400;\">Am\u00e9liorer l&#8217;exp\u00e9rience des utilisateurs<\/span><\/li>\r\n<li style=\"font-weight: 400;\" aria-level=\"1\"><span style=\"font-weight: 400;\">G\u00e9rer et exploiter le site web et les services<\/span><\/li>\r\n<\/ol>\r\n<p style=\"text-align: justify;\"><span style=\"font-weight: 400;\">Le traitement de vos Informations personnelles d\u00e9pend de la mani\u00e8re dont vous interagissez avec le site Web et les Services, de l&#8217;endroit o\u00f9 vous vous trouvez dans le monde et si l&#8217;un des \u00e9l\u00e9ments suivants s&#8217;applique : <\/span><\/p>\r\n<ol style=\"text-align: justify;\">\r\n<li style=\"font-weight: 400;\" aria-level=\"1\"><span style=\"font-weight: 400;\">vous avez donn\u00e9 votre consentement pour une ou plusieurs finalit\u00e9s sp\u00e9cifiques ;\u00a0<\/span><\/li>\r\n<li style=\"font-weight: 400;\" aria-level=\"1\"><span style=\"font-weight: 400;\">la fourniture d&#8217;informations est n\u00e9cessaire \u00e0 l&#8217;ex\u00e9cution d&#8217;un contrat avec vous et\/ou \u00e0 toute obligation pr\u00e9-contractuelle de celui-ci ;\u00a0<\/span><\/li>\r\n<li style=\"font-weight: 400;\" aria-level=\"1\"><span style=\"font-weight: 400;\">le traitement est n\u00e9cessaire au respect d&#8217;une obligation l\u00e9gale \u00e0 laquelle vous \u00eates soumis ;\u00a0<\/span><\/li>\r\n<li style=\"font-weight: 400;\" aria-level=\"1\"><span style=\"font-weight: 400;\">le traitement est li\u00e9 \u00e0 une t\u00e2che effectu\u00e9e dans l&#8217;int\u00e9r\u00eat public ou dans l&#8217;exercice de l&#8217;autorit\u00e9 officielle dont nous sommes investis ;\u00a0<\/span><\/li>\r\n<li style=\"font-weight: 400;\" aria-level=\"1\"><span style=\"font-weight: 400;\">le traitement est n\u00e9cessaire aux fins des int\u00e9r\u00eats l\u00e9gitimes poursuivis par nous ou par un tiers.<\/span><\/li>\r\n<\/ol>\r\n<p style=\"text-align: justify;\"><span style=\"font-weight: 400;\">Notez qu&#8217;en vertu de certaines l\u00e9gislations, nous pouvons \u00eatre autoris\u00e9s \u00e0 traiter des informations jusqu&#8217;\u00e0 ce que vous vous opposez \u00e0 ce traitement (en vous d\u00e9sinscrivant), sans avoir \u00e0 invoquer le consentement ou une autre des bases juridiques ci-dessous. Dans tous les cas, nous serons heureux de clarifier la base juridique sp\u00e9cifique qui s&#8217;applique au traitement, et en particulier si la fourniture d&#8217;informations personnelles est une exigence l\u00e9gale ou contractuelle, ou une exigence n\u00e9cessaire pour conclure un contrat.<\/span><\/p>\r\n<h2 style=\"text-align: left;\"><span style=\"font-weight: 400;\">Divulgation d&#8217;informations<\/span><\/h2>\r\n<p style=\"text-align: justify;\"><span style=\"font-weight: 400;\">En fonction des services demand\u00e9s ou si cela s&#8217;av\u00e8re n\u00e9cessaire pour effectuer une transaction ou fournir un service que vous avez demand\u00e9, nous pouvons partager vos informations, avec votre consentement, avec les tiers de confiance qui travaillent avec nous, ainsi qu&#8217;avec toute autre soci\u00e9t\u00e9 affili\u00e9e ou filiale sur laquelle nous comptons pour nous aider \u00e0 exploiter le site Web et les services qui vous sont propos\u00e9s. Nous ne partageons pas les informations personnelles avec des tiers non affili\u00e9s. Ces prestataires de services ne sont pas autoris\u00e9s \u00e0 utiliser ou \u00e0 divulguer vos informations, sauf si cela est n\u00e9cessaire pour fournir des services en notre nom ou pour se conformer aux exigences l\u00e9gales. Nous pouvons partager vos informations personnelles \u00e0 ces fins uniquement avec des tiers dont les politiques de confidentialit\u00e9 sont conformes aux n\u00f4tres ou qui acceptent de respecter nos politiques en mati\u00e8re d&#8217;informations personnelles. Ces tiers re\u00e7oivent les renseignements personnels dont ils ont besoin uniquement pour remplir leurs fonctions d\u00e9sign\u00e9es, et nous ne les autorisons pas \u00e0 utiliser ou \u00e0 divulguer des renseignements personnels pour leur propre marketing ou \u00e0 d&#8217;autres fins.<\/span><\/p>\r\n<p style=\"text-align: justify;\"><span style=\"font-weight: 400;\">Nous divulguerons toute information personnelle que nous recueillons, utilisons ou recevons si la loi l&#8217;exige ou le permet, par exemple pour nous conformer \u00e0 une citation \u00e0 compara\u00eetre ou \u00e0 une proc\u00e9dure judiciaire similaire, et lorsque nous croyons de bonne foi que la divulgation est n\u00e9cessaire pour prot\u00e9ger nos droits, votre s\u00e9curit\u00e9 ou celle d&#8217;autrui, enqu\u00eater sur une fraude ou r\u00e9pondre \u00e0 une demande du gouvernement.<\/span><\/p>\r\n<p style=\"text-align: justify;\"><span style=\"font-weight: 400;\">Dans l&#8217;\u00e9ventualit\u00e9 d&#8217;une transition commerciale, telle qu&#8217;une fusion ou une acquisition par une autre soci\u00e9t\u00e9, ou la vente de tout ou partie de ses actifs, votre compte utilisateur et vos informations personnelles feront probablement partie des actifs transf\u00e9r\u00e9s.<\/span><\/p>\r\n<h2 style=\"text-align: left;\"><span style=\"font-weight: 400;\">Conservation des informations<\/span><\/h2>\r\n<p style=\"text-align: justify;\"><span style=\"font-weight: 400;\">Nous conserverons et utiliserons vos informations personnelles pendant la p\u00e9riode n\u00e9cessaire pour nous conformer \u00e0 nos obligations l\u00e9gales, r\u00e9soudre les litiges et appliquer nos accords, \u00e0 moins qu&#8217;une p\u00e9riode de conservation plus longue ne soit requise ou autoris\u00e9e par la loi. Nous pouvons utiliser toute donn\u00e9e agr\u00e9g\u00e9e d\u00e9riv\u00e9e de ou incorporant vos Informations personnelles apr\u00e8s que vous les ayez mises \u00e0 jour ou supprim\u00e9es, mais pas d&#8217;une mani\u00e8re qui vous identifient personnellement. Une fois la p\u00e9riode de conservation expir\u00e9e, les renseignements personnels seront supprim\u00e9s. Par cons\u00e9quent, le droit d&#8217;acc\u00e8s, le droit d&#8217;effacement, le droit de rectification et le droit \u00e0 la portabilit\u00e9 des donn\u00e9es ne peuvent \u00eatre appliqu\u00e9s apr\u00e8s l&#8217;expiration de la p\u00e9riode de conservation.<\/span><\/p>\r\n<h2 style=\"text-align: left;\"><span style=\"font-weight: 400;\">Les droits des utilisateurs<\/span><\/h2>\r\n<p style=\"text-align: justify;\"><span style=\"font-weight: 400;\">Vous pouvez exercer certains droits concernant vos informations trait\u00e9es par nos soins. En particulier, vous avez le droit de faire ce qui suit : <\/span><\/p>\r\n<ol style=\"text-align: justify;\">\r\n<li style=\"font-weight: 400;\" aria-level=\"1\"><span style=\"font-weight: 400;\">vous avez le droit de retirer votre consentement lorsque vous avez pr\u00e9c\u00e9demment donn\u00e9 votre consentement au traitement de vos informations ;\u00a0<\/span><\/li>\r\n<li style=\"font-weight: 400;\" aria-level=\"1\"><span style=\"font-weight: 400;\">vous avez le droit de vous opposer au traitement de vos informations si le traitement est effectu\u00e9 sur une base juridique autre que le consentement ;\u00a0<\/span><\/li>\r\n<li style=\"font-weight: 400;\" aria-level=\"1\"><span style=\"font-weight: 400;\">vous avez le droit de savoir si des informations sont trait\u00e9es par nous, d&#8217;obtenir des informations concernant certains aspects du traitement et d&#8217;obtenir une copie des informations en cours de traitement ;\u00a0<\/span><\/li>\r\n<li style=\"font-weight: 400;\" aria-level=\"1\"><span style=\"font-weight: 400;\">vous avez le droit de v\u00e9rifier l&#8217;exactitude de vos informations et de demander leur mise \u00e0 jour ou leur correction ;\u00a0<\/span><\/li>\r\n<li style=\"font-weight: 400;\" aria-level=\"1\"><span style=\"font-weight: 400;\">vous avez le droit, dans certaines circonstances, de restreindre le traitement de vos informations, auquel cas nous ne traiterons pas vos informations \u00e0 d&#8217;autres fins que leur stockage ;\u00a0<\/span><\/li>\r\n<li style=\"font-weight: 400;\" aria-level=\"1\"><span style=\"font-weight: 400;\">vous avez le droit, dans certaines circonstances, d&#8217;obtenir de notre part l&#8217;effacement de vos informations personnelles ;\u00a0<\/span><\/li>\r\n<li style=\"font-weight: 400;\" aria-level=\"1\"><span style=\"font-weight: 400;\">vous avez le droit de recevoir vos informations dans un format structur\u00e9, couramment utilis\u00e9 et lisible par machine et, si cela est techniquement possible, de les faire transmettre \u00e0 un autre responsable du traitement sans aucune entrave. Cette disposition est applicable \u00e0 condition que vos informations soient trait\u00e9es par des moyens automatis\u00e9s et que le traitement soit fond\u00e9 sur votre consentement, sur un contrat auquel vous participez ou sur des obligations pr\u00e9-contractuelles de celui-ci.<\/span><\/li>\r\n<\/ol>\r\n<h2 style=\"text-align: left;\"><span style=\"font-weight: 400;\">Le droit de s&#8217;opposer au traitement<\/span><\/h2>\r\n<p style=\"text-align: justify;\"><span style=\"font-weight: 400;\">Lorsque des informations personnelles sont trait\u00e9es dans l&#8217;int\u00e9r\u00eat public, dans l&#8217;exercice d&#8217;une autorit\u00e9 officielle dont nous sommes investis ou aux fins des int\u00e9r\u00eats l\u00e9gitimes que nous poursuivons, vous pouvez vous opposer \u00e0 ce traitement en fournissant un motif li\u00e9 \u00e0 votre situation particuli\u00e8re pour justifier l&#8217;opposition.<\/span><\/p>\r\n<h2 style=\"text-align: left;\"><span style=\"font-weight: 400;\">Comment exercer ces droits<\/span><\/h2>\r\n<p style=\"text-align: justify;\"><span style=\"font-weight: 400;\">Toute demande d&#8217;exercice de vos droits peut \u00eatre adress\u00e9e \u00e0 L\u2019Atelier Animation inc. par le biais des coordonn\u00e9es fournies dans ce document. Veuillez noter que nous pouvons vous demander de v\u00e9rifier votre identit\u00e9 avant de r\u00e9pondre \u00e0 ces demandes. Votre demande doit fournir des informations suffisantes pour nous permettre de v\u00e9rifier que vous \u00eates la personne que vous pr\u00e9tendez \u00eatre ou que vous \u00eates le repr\u00e9sentant autoris\u00e9 de cette personne. Vous devez inclure suffisamment de d\u00e9tails pour nous permettre de comprendre correctement la demande et d&#8217;y r\u00e9pondre. Nous ne pouvons pas r\u00e9pondre \u00e0 votre demande ou vous fournir des informations personnelles si nous n&#8217;avons pas d&#8217;abord v\u00e9rifi\u00e9 votre identit\u00e9 ou votre autorit\u00e9 pour faire une telle demande et confirm\u00e9 que les informations personnelles vous concernent.<\/span><\/p>\r\n<h2 style=\"text-align: left;\"><span style=\"font-weight: 400;\">T\u00e9moins (cookies)<\/span><\/h2>\r\n<p style=\"text-align: justify;\"><span style=\"font-weight: 400;\">Le site Web et les services utilisent des &#8220;cookies&#8221; pour aider \u00e0 personnaliser votre exp\u00e9rience en ligne. Un cookie est un fichier texte qui est plac\u00e9 sur votre disque dur par un serveur de pages Web. Les cookies ne peuvent pas \u00eatre utilis\u00e9s pour ex\u00e9cuter des programmes ou transmettre des virus \u00e0 votre ordinateur. Les cookies vous sont attribu\u00e9s de mani\u00e8re unique et ne peuvent \u00eatre lus que par un serveur web du domaine qui vous a \u00e9mis le cookie.<\/span><\/p>\r\n<p style=\"text-align: justify;\"><span style=\"font-weight: 400;\">Nous pouvons utiliser des cookies pour collecter, stocker et suivre des informations \u00e0 des fins statistiques pour exploiter le site Web et les services. Vous avez la possibilit\u00e9 d&#8217;accepter ou de refuser les cookies. La plupart des navigateurs web acceptent automatiquement les cookies, mais vous pouvez g\u00e9n\u00e9ralement modifier les param\u00e8tres de votre navigateur pour refuser les cookies si vous le souhaitez. <\/span><\/p>\r\n<h2 style=\"text-align: left;\"><span style=\"font-weight: 400;\">Google Analytics<\/span><\/h2>\r\n<p style=\"text-align: justify;\"><span style=\"font-weight: 400;\">Nous utilisons Google Analytics pour mieux conna\u00eetre la mani\u00e8re dont les visiteurs utilisent notre site Web. Nous pouvons ainsi am\u00e9liorer nos services Web et votre exp\u00e9rience en ligne. L\u2019outil de suivi de Google Analytics utilise divers t\u00e9moins pour recueillir des renseignements et produire des rapports statistiques sur l\u2019utilisation de sites Web, ce qu\u2019il fait sans identifier chacun des visiteurs. Si vous souhaitez ne pas faire l\u2019objet du suivi de Google Analytics, veuillez chercher et installer le module compl\u00e9mentaire de navigateur pour la d\u00e9sactivation de Google Analytics.\u00a0<\/span><\/p>\r\n<h2 style=\"text-align: left;\"><span style=\"font-weight: 400;\">Signaux &#8220;Do Not Track\u201d<\/span><\/h2>\r\n<p style=\"text-align: justify;\"><span style=\"font-weight: 400;\">Certains navigateurs int\u00e8grent une fonction &#8220;Ne pas suivre&#8221; qui signale aux sites web que vous visitez que vous ne souhaitez pas que votre activit\u00e9 en ligne soit suivie. Le suivi n&#8217;est pas la m\u00eame chose que l&#8217;utilisation ou la collecte d&#8217;informations en rapport avec un site web. \u00c0 ces fins, le suivi d\u00e9signe la collecte d&#8217;informations personnellement identifiables aupr\u00e8s des consommateurs qui utilisent ou visitent un site web ou un service en ligne lorsqu&#8217;ils se d\u00e9placent sur diff\u00e9rents sites web au fil du temps. La mani\u00e8re dont les navigateurs communiquent le signal &#8220;Do Not Track&#8221; n&#8217;est pas encore uniforme. Par cons\u00e9quent, le site Web et les services ne sont pas encore configur\u00e9s pour interpr\u00e9ter ou r\u00e9pondre aux signaux Do Not Track communiqu\u00e9s par votre navigateur. Malgr\u00e9 cela, comme d\u00e9crit plus en d\u00e9tail dans la pr\u00e9sente politique, nous limitons notre utilisation et notre collecte de vos informations personnelles.<\/span><\/p>\r\n<h2><span style=\"font-weight: 400;\">Liens vers d&#8217;autres ressources<\/span><\/h2>\r\n<p><span style=\"font-weight: 400;\">Le site Web et les services contiennent des liens vers d&#8217;autres ressources qui ne sont pas d\u00e9tenues ou contr\u00f4l\u00e9es par nous. Sachez que nous ne sommes pas responsables des pratiques de confidentialit\u00e9 de ces autres ressources ou de ces tiers. Nous vous encourageons \u00e0 \u00eatre attentif lorsque vous quittez le site Web et les services et \u00e0 lire les d\u00e9clarations de confidentialit\u00e9 de chaque ressource susceptible de recueillir des informations personnelles.<\/span><\/p>\r\n<h2 style=\"text-align: left;\"><span style=\"font-weight: 400;\">S\u00e9curit\u00e9 des informations<\/span><\/h2>\r\n<p style=\"text-align: justify;\"><span style=\"font-weight: 400;\">Nous s\u00e9curisons les informations que vous fournissez sur des serveurs informatiques dans un environnement contr\u00f4l\u00e9 et s\u00e9curis\u00e9, prot\u00e9g\u00e9 contre tout acc\u00e8s, utilisation ou divulgation non autoris\u00e9s. Nous maintenons des mesures de protection administratives, techniques et physiques raisonnables afin de nous prot\u00e9ger contre l&#8217;acc\u00e8s, l&#8217;utilisation, la modification et la divulgation non autoris\u00e9s des informations personnelles sous notre contr\u00f4le et notre garde. Toutefois, aucune transmission de donn\u00e9es sur Internet ou sur un r\u00e9seau sans fil ne peut \u00eatre garantie. Par cons\u00e9quent, bien que nous nous effor\u00e7ons de prot\u00e9ger vos informations personnelles, vous reconnaissez <\/span><\/p>\r\n<ol style=\"text-align: justify;\">\r\n<li style=\"font-weight: 400;\" aria-level=\"1\"><span style=\"font-weight: 400;\">qu&#8217;il existe des limites de s\u00e9curit\u00e9 et de confidentialit\u00e9 sur Internet qui \u00e9chappent \u00e0 notre contr\u00f4le ;\u00a0<\/span><\/li>\r\n<li style=\"font-weight: 400;\" aria-level=\"1\"><span style=\"font-weight: 400;\">que la s\u00e9curit\u00e9, l&#8217;int\u00e9grit\u00e9 et la confidentialit\u00e9 de toutes les informations et donn\u00e9es \u00e9chang\u00e9es entre vous et le site Web et les services ne peuvent \u00eatre garanties ;\u00a0<\/span><\/li>\r\n<li style=\"font-weight: 400;\" aria-level=\"1\"><span style=\"font-weight: 400;\">que ces informations et donn\u00e9es peuvent \u00eatre consult\u00e9es ou modifi\u00e9es en transit par un tiers, malgr\u00e9 tous les efforts d\u00e9ploy\u00e9s.<\/span><\/li>\r\n<\/ol>\r\n<h2 style=\"text-align: left;\"><span style=\"font-weight: 400;\">Violation des donn\u00e9es<\/span><\/h2>\r\n<p style=\"text-align: justify;\"><span style=\"font-weight: 400;\">Si nous apprenons que la s\u00e9curit\u00e9 du site Web et des services a \u00e9t\u00e9 compromise ou que les informations personnelles des utilisateurs ont \u00e9t\u00e9 divulgu\u00e9es \u00e0 des tiers non li\u00e9s en raison d&#8217;une activit\u00e9 externe, y compris, mais sans s&#8217;y limiter, des attaques de s\u00e9curit\u00e9 ou une fraude, nous nous r\u00e9servons le droit de prendre des mesures raisonnablement appropri\u00e9es, y compris, mais sans s&#8217;y limiter, une enqu\u00eate et un rapport, ainsi que la notification aux autorit\u00e9s charg\u00e9es de l&#8217;application de la loi et la coop\u00e9ration avec celles-ci. En cas de violation de donn\u00e9es, nous ferons des efforts raisonnables pour notifier les personnes concern\u00e9es si nous pensons qu&#8217;il existe un risque raisonnable de pr\u00e9judice pour l&#8217;utilisateur en raison de la violation ou si la notification est autrement requise par la loi. Dans ce cas, nous publierons un avis sur le site Web, nous vous enverrons un courriel.<\/span><\/p>\r\n<h2 style=\"text-align: left;\"><span style=\"font-weight: 400;\">Soumission de sc\u00e9narios et de mat\u00e9riel non sollicit\u00e9<\/span><\/h2>\r\n<p style=\"text-align: justify;\"><span style=\"font-weight: 400;\">Nous n&#8217;acceptons pas, ne lisons pas, ne prenons pas en compte ou n&#8217;examinons pas les documents non sollicit\u00e9s &#8211; \u0153uvres litt\u00e9raires, dramatiques, musicales ou artistiques de toute sorte, y compris, mais sans s&#8217;y limiter, les id\u00e9es, les concepts, les histoires, les personnages, les sc\u00e9narios, les t\u00e9l\u00e9th\u00e8ses, les synopsis, les traitements, les \u0153uvres d&#8217;art, les dessins, les conceptions, les compositions musicales, les programmes logiciels, les bobines vid\u00e9o ou audio, ou toute autre \u0153uvre similaire.<\/span><span style=\"font-weight: 400;\"><br \/><\/span><span style=\"font-weight: 400;\"><br \/><\/span><span style=\"font-weight: 400;\">Tout mat\u00e9riel non sollicit\u00e9 re\u00e7u par L\u2019Atelier Animation est consid\u00e9r\u00e9 comme non confidentiel et L\u2019Atelier Animation n&#8217;assume aucune responsabilit\u00e9, obligation ou responsabilit\u00e9 de quelque nature que ce soit \u00e0 leur \u00e9gard. Nous vous demandons de ne pas nous envoyer de mat\u00e9riel non sollicit\u00e9.<\/span><\/p>\r\n<h2 style=\"text-align: left;\"><span style=\"font-weight: 400;\">Changements et modifications<\/span><\/h2>\r\n<p style=\"text-align: justify;\"><span style=\"font-weight: 400;\">Nous nous r\u00e9servons le droit de modifier la pr\u00e9sente politique ou ses conditions relatives au site Web et aux services de temps \u00e0 autre, \u00e0 notre discr\u00e9tion, et nous vous informerons de toute modification importante de la mani\u00e8re dont nous traitons les informations personnelles. Lorsque nous le ferons, nous r\u00e9viserons la date de mise \u00e0 jour au bas de cette page. Nous pouvons \u00e9galement vous informer par d&#8217;autres moyens, \u00e0 notre discr\u00e9tion, notamment par le biais des coordonn\u00e9es que vous nous avez fournies. Toute version mise \u00e0 jour de la pr\u00e9sente politique entrera en vigueur imm\u00e9diatement apr\u00e8s la publication de la politique r\u00e9vis\u00e9e, sauf indication contraire. Votre utilisation continue du site Web et des services apr\u00e8s la date d&#8217;entr\u00e9e en vigueur de la politique r\u00e9vis\u00e9e (ou tout autre acte sp\u00e9cifi\u00e9 \u00e0 ce moment-l\u00e0) constituera votre consentement \u00e0 ces changements. Toutefois, nous n&#8217;utiliserons pas, sans votre consentement, vos informations personnelles d&#8217;une mani\u00e8re mat\u00e9riellement diff\u00e9rente de ce qui \u00e9tait indiqu\u00e9 au moment de la collecte de vos informations personnelles.<\/span><\/p>\r\n<h2 style=\"text-align: left;\"><span style=\"font-weight: 400;\">Acceptation de la pr\u00e9sente politique<\/span><\/h2>\r\n<p style=\"text-align: justify;\"><span style=\"font-weight: 400;\">Vous reconnaissez avoir lu la pr\u00e9sente politique et en accepter tous les termes et conditions. En acc\u00e9dant et en utilisant le site Web et les services, vous acceptez d&#8217;\u00eatre li\u00e9 par la pr\u00e9sente politique. Si vous n&#8217;acceptez pas de vous conformer aux conditions de la pr\u00e9sente politique, vous n&#8217;\u00eates pas autoris\u00e9 \u00e0 acc\u00e9der au site Web et aux services ni \u00e0 les utiliser.<\/span><\/p>\r\n<h2 style=\"text-align: left;\"><span style=\"font-weight: 400;\">Responsable de la protection des renseignements personnels<\/span><\/h2>\r\n<p style=\"text-align: justify;\"><span style=\"font-weight: 400;\">Si vous souhaitez nous contacter pour toute question relative aux droits individuels et \u00e0 vos informations personnelles, vous pouvez envoyer un courriel \u00e0<\/span>\u00a0<a href=\"mailto:info@latelieranimation.com\"><span style=\"font-weight: 400;\">info@latelieranimation.com<\/span><\/a><span style=\"font-weight: 400;\">.<\/span><\/p>\r\n<p style=\"text-align: justify;\"><span style=\"font-weight: 400;\">Ce document a \u00e9t\u00e9 mis \u00e0 jour le <\/span><b>11 avril 2023<\/b><span style=\"font-weight: 400;\">.<\/span><\/p>\r\n<\/div>\r\n","protected":false},"excerpt":{"rendered":"<p>\u00a0 POLITIQUE DE CONFIDENTIALIT\u00c9 La pr\u00e9sente politique de confidentialit\u00e9 d\u00e9crit comment les informations personnellement identifiables que vous pouvez fournir sur le site Web latelieranimation.com et l&#8217;un de ses produits et services connexes sont collect\u00e9es, prot\u00e9g\u00e9es et utilis\u00e9es. Elle d\u00e9crit \u00e9galement les choix qui s&#8217;offrent \u00e0 vous concernant notre utilisation de vos informations personnelles et la [&hellip;]<\/p>\n","protected":false},"author":5,"featured_media":0,"parent":0,"menu_order":0,"comment_status":"closed","ping_status":"closed","template":"","meta":{"_acf_changed":false,"footnotes":""},"class_list":["post-765","page","type-page","status-publish","hentry"],"acf":[],"aioseo_notices":[],"_links":{"self":[{"href":"https:\/\/latelieranimation.com\/fr\/wp-json\/wp\/v2\/pages\/765","targetHints":{"allow":["GET"]}}],"collection":[{"href":"https:\/\/latelieranimation.com\/fr\/wp-json\/wp\/v2\/pages"}],"about":[{"href":"https:\/\/latelieranimation.com\/fr\/wp-json\/wp\/v2\/types\/page"}],"author":[{"embeddable":true,"href":"https:\/\/latelieranimation.com\/fr\/wp-json\/wp\/v2\/users\/5"}],"replies":[{"embeddable":true,"href":"https:\/\/latelieranimation.com\/fr\/wp-json\/wp\/v2\/comments?post=765"}],"version-history":[{"count":0,"href":"https:\/\/latelieranimation.com\/fr\/wp-json\/wp\/v2\/pages\/765\/revisions"}],"wp:attachment":[{"href":"https:\/\/latelieranimation.com\/fr\/wp-json\/wp\/v2\/media?parent=765"}],"curies":[{"name":"wp","href":"https:\/\/api.w.org\/{rel}","templated":true}]}}